{"id":132,"date":"2024-10-29T18:15:05","date_gmt":"2024-10-29T18:15:05","guid":{"rendered":"https:\/\/www.margustrans.eu\/?page_id=132"},"modified":"2025-04-28T20:52:53","modified_gmt":"2025-04-28T20:52:53","slug":"company-data","status":"publish","type":"page","link":"https:\/\/www.margustrans.eu\/?page_id=132","title":{"rendered":"Company data"},"content":{"rendered":"\r\n<div class=\"wp-block-columns is-layout-flex wp-container-core-columns-is-layout-1 wp-block-columns-is-layout-flex\">\r\n<div class=\"wp-block-column is-layout-flow wp-block-column-is-layout-flow\" style=\"flex-basis: 100%;\">\r\n<div class=\"wp-block-media-text is-stacked-on-mobile\" style=\"grid-template-columns: 65% auto;\">\r\n<figure class=\"wp-block-media-text__media\"><img loading=\"lazy\" decoding=\"async\" width=\"1024\" height=\"488\" class=\"wp-image-133 size-full\" src=\"https:\/\/www.margustrans.eu\/wp-content\/uploads\/2024\/10\/Slovakian-flag-1024x488.jpg\" alt=\"\" srcset=\"https:\/\/www.margustrans.eu\/wp-content\/uploads\/2024\/10\/Slovakian-flag-1024x488.jpg 1024w, https:\/\/www.margustrans.eu\/wp-content\/uploads\/2024\/10\/Slovakian-flag-300x143.jpg 300w, https:\/\/www.margustrans.eu\/wp-content\/uploads\/2024\/10\/Slovakian-flag-768x366.jpg 768w, https:\/\/www.margustrans.eu\/wp-content\/uploads\/2024\/10\/Slovakian-flag-1536x732.jpg 1536w, https:\/\/www.margustrans.eu\/wp-content\/uploads\/2024\/10\/Slovakian-flag.jpg 1800w\" sizes=\"(max-width: 1024px) 100vw, 1024px\" \/><\/figure>\r\n<div class=\"wp-block-media-text__content\">\r\n<div class=\"wp-block-group is-layout-grid wp-container-core-group-is-layout-1 wp-block-group-is-layout-grid\">\r\n<p><strong><u>Margus, s.r.o.<\/u><\/strong><\/p>\r\n\r\n\r\n\r\n<p>&nbsp;<\/p>\r\n\r\n\r\n\r\n<p class=\"wp-container-content-1\"><strong>S\u00eddlo\/Adress:<\/strong><\/p>\r\n\r\n\r\n\r\n<p>Z\u00e1mock\u00e1 706\/1\u00a0<\/p>\r\n\r\n\r\n\r\n<p>064 01 Star\u00e1 \u013dubov\u0148a<\/p>\r\n\r\n\r\n\r\n<p>Slovensko<\/p>\r\n\r\n\r\n\r\n<p><strong>I\u010cO\/Reg.Nr: <\/strong>55314759\u00a0<\/p>\r\n\r\n\r\n\r\n<p><strong>DI\u010c\/VAT: <\/strong>2121945254\u00a0<\/p>\r\n\r\n\r\n\r\n<p><strong>I\u010c DPH\/CIN: <\/strong>SK2121945254, pod\u013ea \u00a74, registr\u00e1cia od 1.6.2023<\/p>\r\n<p><strong>Key person: <\/strong>Jovica Petrovic<\/p>\r\n<\/div>\r\n<\/div>\r\n<\/div>\r\n<\/div>\r\n<\/div>\r\n\r\n\r\n\r\n<p class=\"has-text-align-center\">\u00a0<\/p>\r\n\r\n\r\n\r\n<p>&nbsp;<\/p>\r\n","protected":false},"excerpt":{"rendered":"<p>Margus, s.r.o. &nbsp; S\u00eddlo\/Adress: Z\u00e1mock\u00e1 706\/1\u00a0 064 01 Star\u00e1 \u013dubov\u0148a Slovensko I\u010cO\/Reg.Nr: 55314759\u00a0 DI\u010c\/VAT: 2121945254\u00a0 I\u010c DPH\/CIN: SK2121945254, pod\u013ea \u00a74,<span class=\"more-dots\">&#8230;<\/span><\/p>\n","protected":false},"author":1,"featured_media":0,"parent":0,"menu_order":0,"comment_status":"closed","ping_status":"closed","template":"","meta":{"_monsterinsights_skip_tracking":false,"_monsterinsights_sitenote_active":false,"_monsterinsights_sitenote_note":"","_monsterinsights_sitenote_category":0,"footnotes":""},"class_list":["post-132","page","type-page","status-publish","hentry","no-post-thumbnail"],"yoast_head":"<!-- This site is optimized with the Yoast SEO plugin v24.9 - https:\/\/yoast.com\/wordpress\/plugins\/seo\/ -->\n<title>Company data - Margus, s.r.o.<\/title>\n<meta name=\"description\" content=\"Margus company data\" \/>\n<meta name=\"robots\" content=\"index, follow, max-snippet:-1, max-image-preview:large, max-video-preview:-1\" \/>\n<link rel=\"canonical\" href=\"https:\/\/www.margustrans.eu\/?page_id=132\" \/>\n<meta property=\"og:locale\" content=\"en_US\" \/>\n<meta property=\"og:type\" content=\"article\" \/>\n<meta property=\"og:title\" content=\"Company data - Margus, s.r.o.\" \/>\n<meta property=\"og:description\" content=\"Margus company data\" \/>\n<meta property=\"og:url\" content=\"https:\/\/www.margustrans.eu\/?page_id=132\" \/>\n<meta property=\"og:site_name\" content=\"Margus, s.r.o.\" \/>\n<meta property=\"article:modified_time\" content=\"2025-04-28T20:52:53+00:00\" \/>\n<meta property=\"og:image\" content=\"https:\/\/www.margustrans.eu\/wp-content\/uploads\/2024\/10\/Slovakian-flag.jpg\" \/>\n\t<meta property=\"og:image:width\" content=\"1800\" \/>\n\t<meta property=\"og:image:height\" content=\"858\" \/>\n\t<meta property=\"og:image:type\" content=\"image\/jpeg\" \/>\n<meta name=\"twitter:card\" content=\"summary_large_image\" \/>\n<meta name=\"twitter:label1\" content=\"Est. reading time\" \/>\n\t<meta name=\"twitter:data1\" content=\"1 minute\" \/>\n<script type=\"application\/ld+json\" class=\"yoast-schema-graph\">{\"@context\":\"https:\/\/schema.org\",\"@graph\":[{\"@type\":\"WebPage\",\"@id\":\"https:\/\/www.margustrans.eu\/?page_id=132\",\"url\":\"https:\/\/www.margustrans.eu\/?page_id=132\",\"name\":\"Company data - Margus, s.r.o.\",\"isPartOf\":{\"@id\":\"https:\/\/www.margustrans.eu\/#website\"},\"primaryImageOfPage\":{\"@id\":\"https:\/\/www.margustrans.eu\/?page_id=132#primaryimage\"},\"image\":{\"@id\":\"https:\/\/www.margustrans.eu\/?page_id=132#primaryimage\"},\"thumbnailUrl\":\"https:\/\/www.margustrans.eu\/wp-content\/uploads\/2024\/10\/Slovakian-flag-1024x488.jpg\",\"datePublished\":\"2024-10-29T18:15:05+00:00\",\"dateModified\":\"2025-04-28T20:52:53+00:00\",\"description\":\"Margus company data\",\"breadcrumb\":{\"@id\":\"https:\/\/www.margustrans.eu\/?page_id=132#breadcrumb\"},\"inLanguage\":\"en-US\",\"potentialAction\":[{\"@type\":\"ReadAction\",\"target\":[\"https:\/\/www.margustrans.eu\/?page_id=132\"]}]},{\"@type\":\"ImageObject\",\"inLanguage\":\"en-US\",\"@id\":\"https:\/\/www.margustrans.eu\/?page_id=132#primaryimage\",\"url\":\"https:\/\/www.margustrans.eu\/wp-content\/uploads\/2024\/10\/Slovakian-flag.jpg\",\"contentUrl\":\"https:\/\/www.margustrans.eu\/wp-content\/uploads\/2024\/10\/Slovakian-flag.jpg\",\"width\":1800,\"height\":858},{\"@type\":\"BreadcrumbList\",\"@id\":\"https:\/\/www.margustrans.eu\/?page_id=132#breadcrumb\",\"itemListElement\":[{\"@type\":\"ListItem\",\"position\":1,\"name\":\"Home\",\"item\":\"https:\/\/www.margustrans.eu\/\"},{\"@type\":\"ListItem\",\"position\":2,\"name\":\"Company data\"}]},{\"@type\":\"WebSite\",\"@id\":\"https:\/\/www.margustrans.eu\/#website\",\"url\":\"https:\/\/www.margustrans.eu\/\",\"name\":\"Margus, s.r.o.\",\"description\":\"Domestic and international road transport of goods\",\"publisher\":{\"@id\":\"https:\/\/www.margustrans.eu\/#organization\"},\"potentialAction\":[{\"@type\":\"SearchAction\",\"target\":{\"@type\":\"EntryPoint\",\"urlTemplate\":\"https:\/\/www.margustrans.eu\/?s={search_term_string}\"},\"query-input\":{\"@type\":\"PropertyValueSpecification\",\"valueRequired\":true,\"valueName\":\"search_term_string\"}}],\"inLanguage\":\"en-US\"},{\"@type\":\"Organization\",\"@id\":\"https:\/\/www.margustrans.eu\/#organization\",\"name\":\"Margus, s.r.o.\",\"url\":\"https:\/\/www.margustrans.eu\/\",\"logo\":{\"@type\":\"ImageObject\",\"inLanguage\":\"en-US\",\"@id\":\"https:\/\/www.margustrans.eu\/#\/schema\/logo\/image\/\",\"url\":\"https:\/\/www.margustrans.eu\/wp-content\/uploads\/2025\/04\/Kamion.jpg\",\"contentUrl\":\"https:\/\/www.margustrans.eu\/wp-content\/uploads\/2025\/04\/Kamion.jpg\",\"width\":1561,\"height\":1794,\"caption\":\"Margus, s.r.o.\"},\"image\":{\"@id\":\"https:\/\/www.margustrans.eu\/#\/schema\/logo\/image\/\"}}]}<\/script>\n<!-- \/ Yoast SEO plugin. -->","yoast_head_json":{"title":"Company data - Margus, s.r.o.","description":"Margus company data","robots":{"index":"index","follow":"follow","max-snippet":"max-snippet:-1","max-image-preview":"max-image-preview:large","max-video-preview":"max-video-preview:-1"},"canonical":"https:\/\/www.margustrans.eu\/?page_id=132","og_locale":"en_US","og_type":"article","og_title":"Company data - Margus, s.r.o.","og_description":"Margus company data","og_url":"https:\/\/www.margustrans.eu\/?page_id=132","og_site_name":"Margus, s.r.o.","article_modified_time":"2025-04-28T20:52:53+00:00","og_image":[{"width":1800,"height":858,"url":"https:\/\/www.margustrans.eu\/wp-content\/uploads\/2024\/10\/Slovakian-flag.jpg","type":"image\/jpeg"}],"twitter_card":"summary_large_image","twitter_misc":{"Est. reading time":"1 minute"},"schema":{"@context":"https:\/\/schema.org","@graph":[{"@type":"WebPage","@id":"https:\/\/www.margustrans.eu\/?page_id=132","url":"https:\/\/www.margustrans.eu\/?page_id=132","name":"Company data - Margus, s.r.o.","isPartOf":{"@id":"https:\/\/www.margustrans.eu\/#website"},"primaryImageOfPage":{"@id":"https:\/\/www.margustrans.eu\/?page_id=132#primaryimage"},"image":{"@id":"https:\/\/www.margustrans.eu\/?page_id=132#primaryimage"},"thumbnailUrl":"https:\/\/www.margustrans.eu\/wp-content\/uploads\/2024\/10\/Slovakian-flag-1024x488.jpg","datePublished":"2024-10-29T18:15:05+00:00","dateModified":"2025-04-28T20:52:53+00:00","description":"Margus company data","breadcrumb":{"@id":"https:\/\/www.margustrans.eu\/?page_id=132#breadcrumb"},"inLanguage":"en-US","potentialAction":[{"@type":"ReadAction","target":["https:\/\/www.margustrans.eu\/?page_id=132"]}]},{"@type":"ImageObject","inLanguage":"en-US","@id":"https:\/\/www.margustrans.eu\/?page_id=132#primaryimage","url":"https:\/\/www.margustrans.eu\/wp-content\/uploads\/2024\/10\/Slovakian-flag.jpg","contentUrl":"https:\/\/www.margustrans.eu\/wp-content\/uploads\/2024\/10\/Slovakian-flag.jpg","width":1800,"height":858},{"@type":"BreadcrumbList","@id":"https:\/\/www.margustrans.eu\/?page_id=132#breadcrumb","itemListElement":[{"@type":"ListItem","position":1,"name":"Home","item":"https:\/\/www.margustrans.eu\/"},{"@type":"ListItem","position":2,"name":"Company data"}]},{"@type":"WebSite","@id":"https:\/\/www.margustrans.eu\/#website","url":"https:\/\/www.margustrans.eu\/","name":"Margus, s.r.o.","description":"Domestic and international road transport of goods","publisher":{"@id":"https:\/\/www.margustrans.eu\/#organization"},"potentialAction":[{"@type":"SearchAction","target":{"@type":"EntryPoint","urlTemplate":"https:\/\/www.margustrans.eu\/?s={search_term_string}"},"query-input":{"@type":"PropertyValueSpecification","valueRequired":true,"valueName":"search_term_string"}}],"inLanguage":"en-US"},{"@type":"Organization","@id":"https:\/\/www.margustrans.eu\/#organization","name":"Margus, s.r.o.","url":"https:\/\/www.margustrans.eu\/","logo":{"@type":"ImageObject","inLanguage":"en-US","@id":"https:\/\/www.margustrans.eu\/#\/schema\/logo\/image\/","url":"https:\/\/www.margustrans.eu\/wp-content\/uploads\/2025\/04\/Kamion.jpg","contentUrl":"https:\/\/www.margustrans.eu\/wp-content\/uploads\/2025\/04\/Kamion.jpg","width":1561,"height":1794,"caption":"Margus, s.r.o."},"image":{"@id":"https:\/\/www.margustrans.eu\/#\/schema\/logo\/image\/"}}]}},"_links":{"self":[{"href":"https:\/\/www.margustrans.eu\/index.php?rest_route=\/wp\/v2\/pages\/132"}],"collection":[{"href":"https:\/\/www.margustrans.eu\/index.php?rest_route=\/wp\/v2\/pages"}],"about":[{"href":"https:\/\/www.margustrans.eu\/index.php?rest_route=\/wp\/v2\/types\/page"}],"author":[{"embeddable":true,"href":"https:\/\/www.margustrans.eu\/index.php?rest_route=\/wp\/v2\/users\/1"}],"replies":[{"embeddable":true,"href":"https:\/\/www.margustrans.eu\/index.php?rest_route=%2Fwp%2Fv2%2Fcomments&post=132"}],"version-history":[{"count":6,"href":"https:\/\/www.margustrans.eu\/index.php?rest_route=\/wp\/v2\/pages\/132\/revisions"}],"predecessor-version":[{"id":212,"href":"https:\/\/www.margustrans.eu\/index.php?rest_route=\/wp\/v2\/pages\/132\/revisions\/212"}],"wp:attachment":[{"href":"https:\/\/www.margustrans.eu\/index.php?rest_route=%2Fwp%2Fv2%2Fmedia&parent=132"}],"curies":[{"name":"wp","href":"https:\/\/api.w.org\/{rel}","templated":true}]}}