{"id":73,"date":"2024-10-27T19:36:27","date_gmt":"2024-10-27T19:36:27","guid":{"rendered":"https:\/\/www.margustrans.eu\/?page_id=73"},"modified":"2025-04-28T20:48:34","modified_gmt":"2025-04-28T20:48:34","slug":"about-company","status":"publish","type":"page","link":"https:\/\/www.margustrans.eu\/","title":{"rendered":"About us"},"content":{"rendered":"<p>En: The company was founded in 2023. There are currently 2 vehicles in the fleet. We deal with cargo transportation throughout Europe. The plan is to expand the fleet to 4 units in 2025.<\/p>\n<p>SK: Spolo\u010dnos\u0165 bola zalo\u017een\u00e1 v roku 2023. Vo vozovom parku s\u00fa moment\u00e1lne 2 vozidl\u00e1. Zaober\u00e1me sa n\u00e1kladnou dopravou po celej Eur\u00f3pe. V roku 2025 sa pl\u00e1nuje roz\u0161\u00edrenie flotily na 4 jednotky.<\/p>\n<p>De: Das Unternehmen wurde 2023 gegr\u00fcndet. Derzeit besteht die Flotte aus 2 Fahrzeugen. Wir k\u00fcmmern uns um den G\u00fctertransport in ganz Europa. Es ist geplant, die Flotte im Jahr 2025 auf 4 Einheiten zu erweitern.<\/p>\n<p>RU: \u041a\u043e\u043c\u043f\u0430\u043d\u0438\u044f \u043e\u0441\u043d\u043e\u0432\u0430\u043d\u0430 \u0432 2023 \u0433\u043e\u0434\u0443. \u041d\u0430 \u0434\u0430\u043d\u043d\u044b\u0439 \u043c\u043e\u043c\u0435\u043d\u0442 \u0432 \u0430\u0432\u0442\u043e\u043f\u0430\u0440\u043a\u0435 2 \u0430\u0432\u0442\u043e\u043c\u043e\u0431\u0438\u043b\u044f. \u0417\u0430\u043d\u0438\u043c\u0430\u0435\u043c\u0441\u044f \u0433\u0440\u0443\u0437\u043e\u043f\u0435\u0440\u0435\u0432\u043e\u0437\u043a\u0430\u043c\u0438 \u043f\u043e \u0432\u0441\u0435\u0439 \u0415\u0432\u0440\u043e\u043f\u0435. \u041f\u043b\u0430\u043d\u0438\u0440\u0443\u0435\u0442\u0441\u044f \u0440\u0430\u0441\u0448\u0438\u0440\u0435\u043d\u0438\u0435 \u0430\u0432\u0442\u043e\u043f\u0430\u0440\u043a\u0430 \u0434\u043e 4 \u0435\u0434\u0438\u043d\u0438\u0446 \u0432 2025 \u0433\u043e\u0434\u0443.<\/p>\n","protected":false},"excerpt":{"rendered":"<p>En: The company was founded in 2023. There are currently 2 vehicles in the fleet. We deal with cargo transportation<span class=\"more-dots\">&#8230;<\/span><\/p>\n","protected":false},"author":1,"featured_media":0,"parent":0,"menu_order":0,"comment_status":"closed","ping_status":"closed","template":"","meta":{"_monsterinsights_skip_tracking":false,"_monsterinsights_sitenote_active":false,"_monsterinsights_sitenote_note":"","_monsterinsights_sitenote_category":0,"footnotes":""},"class_list":["post-73","page","type-page","status-publish","hentry","no-post-thumbnail"],"yoast_head":"<!-- This site is optimized with the Yoast SEO plugin v24.9 - https:\/\/yoast.com\/wordpress\/plugins\/seo\/ -->\n<title>About us - Margus, s.r.o.<\/title>\n<meta name=\"robots\" content=\"index, follow, max-snippet:-1, max-image-preview:large, max-video-preview:-1\" \/>\n<link rel=\"canonical\" href=\"https:\/\/www.margustrans.eu\/\" \/>\n<meta property=\"og:locale\" content=\"en_US\" \/>\n<meta property=\"og:type\" content=\"article\" \/>\n<meta property=\"og:title\" content=\"About us - Margus, s.r.o.\" \/>\n<meta property=\"og:description\" content=\"En: The company was founded in 2023. There are currently 2 vehicles in the fleet. We deal with cargo transportation...\" \/>\n<meta property=\"og:url\" content=\"https:\/\/www.margustrans.eu\/\" \/>\n<meta property=\"og:site_name\" content=\"Margus, s.r.o.\" \/>\n<meta property=\"article:modified_time\" content=\"2025-04-28T20:48:34+00:00\" \/>\n<meta name=\"twitter:card\" content=\"summary_large_image\" \/>\n<meta name=\"twitter:label1\" content=\"Est. reading time\" \/>\n\t<meta name=\"twitter:data1\" content=\"1 minute\" \/>\n<script type=\"application\/ld+json\" class=\"yoast-schema-graph\">{\"@context\":\"https:\/\/schema.org\",\"@graph\":[{\"@type\":\"WebPage\",\"@id\":\"https:\/\/www.margustrans.eu\/\",\"url\":\"https:\/\/www.margustrans.eu\/\",\"name\":\"About us - Margus, s.r.o.\",\"isPartOf\":{\"@id\":\"https:\/\/www.margustrans.eu\/#website\"},\"datePublished\":\"2024-10-27T19:36:27+00:00\",\"dateModified\":\"2025-04-28T20:48:34+00:00\",\"breadcrumb\":{\"@id\":\"https:\/\/www.margustrans.eu\/#breadcrumb\"},\"inLanguage\":\"en-US\",\"potentialAction\":[{\"@type\":\"ReadAction\",\"target\":[\"https:\/\/www.margustrans.eu\/\"]}]},{\"@type\":\"BreadcrumbList\",\"@id\":\"https:\/\/www.margustrans.eu\/#breadcrumb\",\"itemListElement\":[{\"@type\":\"ListItem\",\"position\":1,\"name\":\"Home\",\"item\":\"https:\/\/www.margustrans.eu\/\"},{\"@type\":\"ListItem\",\"position\":2,\"name\":\"About us\"}]},{\"@type\":\"WebSite\",\"@id\":\"https:\/\/www.margustrans.eu\/#website\",\"url\":\"https:\/\/www.margustrans.eu\/\",\"name\":\"Margus, s.r.o.\",\"description\":\"Domestic and international road transport of goods\",\"publisher\":{\"@id\":\"https:\/\/www.margustrans.eu\/#organization\"},\"potentialAction\":[{\"@type\":\"SearchAction\",\"target\":{\"@type\":\"EntryPoint\",\"urlTemplate\":\"https:\/\/www.margustrans.eu\/?s={search_term_string}\"},\"query-input\":{\"@type\":\"PropertyValueSpecification\",\"valueRequired\":true,\"valueName\":\"search_term_string\"}}],\"inLanguage\":\"en-US\"},{\"@type\":\"Organization\",\"@id\":\"https:\/\/www.margustrans.eu\/#organization\",\"name\":\"Margus, s.r.o.\",\"url\":\"https:\/\/www.margustrans.eu\/\",\"logo\":{\"@type\":\"ImageObject\",\"inLanguage\":\"en-US\",\"@id\":\"https:\/\/www.margustrans.eu\/#\/schema\/logo\/image\/\",\"url\":\"https:\/\/www.margustrans.eu\/wp-content\/uploads\/2025\/04\/Kamion.jpg\",\"contentUrl\":\"https:\/\/www.margustrans.eu\/wp-content\/uploads\/2025\/04\/Kamion.jpg\",\"width\":1561,\"height\":1794,\"caption\":\"Margus, s.r.o.\"},\"image\":{\"@id\":\"https:\/\/www.margustrans.eu\/#\/schema\/logo\/image\/\"}}]}<\/script>\n<!-- \/ Yoast SEO plugin. -->","yoast_head_json":{"title":"About us - Margus, s.r.o.","robots":{"index":"index","follow":"follow","max-snippet":"max-snippet:-1","max-image-preview":"max-image-preview:large","max-video-preview":"max-video-preview:-1"},"canonical":"https:\/\/www.margustrans.eu\/","og_locale":"en_US","og_type":"article","og_title":"About us - Margus, s.r.o.","og_description":"En: The company was founded in 2023. There are currently 2 vehicles in the fleet. We deal with cargo transportation...","og_url":"https:\/\/www.margustrans.eu\/","og_site_name":"Margus, s.r.o.","article_modified_time":"2025-04-28T20:48:34+00:00","twitter_card":"summary_large_image","twitter_misc":{"Est. reading time":"1 minute"},"schema":{"@context":"https:\/\/schema.org","@graph":[{"@type":"WebPage","@id":"https:\/\/www.margustrans.eu\/","url":"https:\/\/www.margustrans.eu\/","name":"About us - Margus, s.r.o.","isPartOf":{"@id":"https:\/\/www.margustrans.eu\/#website"},"datePublished":"2024-10-27T19:36:27+00:00","dateModified":"2025-04-28T20:48:34+00:00","breadcrumb":{"@id":"https:\/\/www.margustrans.eu\/#breadcrumb"},"inLanguage":"en-US","potentialAction":[{"@type":"ReadAction","target":["https:\/\/www.margustrans.eu\/"]}]},{"@type":"BreadcrumbList","@id":"https:\/\/www.margustrans.eu\/#breadcrumb","itemListElement":[{"@type":"ListItem","position":1,"name":"Home","item":"https:\/\/www.margustrans.eu\/"},{"@type":"ListItem","position":2,"name":"About us"}]},{"@type":"WebSite","@id":"https:\/\/www.margustrans.eu\/#website","url":"https:\/\/www.margustrans.eu\/","name":"Margus, s.r.o.","description":"Domestic and international road transport of goods","publisher":{"@id":"https:\/\/www.margustrans.eu\/#organization"},"potentialAction":[{"@type":"SearchAction","target":{"@type":"EntryPoint","urlTemplate":"https:\/\/www.margustrans.eu\/?s={search_term_string}"},"query-input":{"@type":"PropertyValueSpecification","valueRequired":true,"valueName":"search_term_string"}}],"inLanguage":"en-US"},{"@type":"Organization","@id":"https:\/\/www.margustrans.eu\/#organization","name":"Margus, s.r.o.","url":"https:\/\/www.margustrans.eu\/","logo":{"@type":"ImageObject","inLanguage":"en-US","@id":"https:\/\/www.margustrans.eu\/#\/schema\/logo\/image\/","url":"https:\/\/www.margustrans.eu\/wp-content\/uploads\/2025\/04\/Kamion.jpg","contentUrl":"https:\/\/www.margustrans.eu\/wp-content\/uploads\/2025\/04\/Kamion.jpg","width":1561,"height":1794,"caption":"Margus, s.r.o."},"image":{"@id":"https:\/\/www.margustrans.eu\/#\/schema\/logo\/image\/"}}]}},"_links":{"self":[{"href":"https:\/\/www.margustrans.eu\/index.php?rest_route=\/wp\/v2\/pages\/73"}],"collection":[{"href":"https:\/\/www.margustrans.eu\/index.php?rest_route=\/wp\/v2\/pages"}],"about":[{"href":"https:\/\/www.margustrans.eu\/index.php?rest_route=\/wp\/v2\/types\/page"}],"author":[{"embeddable":true,"href":"https:\/\/www.margustrans.eu\/index.php?rest_route=\/wp\/v2\/users\/1"}],"replies":[{"embeddable":true,"href":"https:\/\/www.margustrans.eu\/index.php?rest_route=%2Fwp%2Fv2%2Fcomments&post=73"}],"version-history":[{"count":5,"href":"https:\/\/www.margustrans.eu\/index.php?rest_route=\/wp\/v2\/pages\/73\/revisions"}],"predecessor-version":[{"id":209,"href":"https:\/\/www.margustrans.eu\/index.php?rest_route=\/wp\/v2\/pages\/73\/revisions\/209"}],"wp:attachment":[{"href":"https:\/\/www.margustrans.eu\/index.php?rest_route=%2Fwp%2Fv2%2Fmedia&parent=73"}],"curies":[{"name":"wp","href":"https:\/\/api.w.org\/{rel}","templated":true}]}}